{"id":900,"date":"2022-03-15T17:34:18","date_gmt":"2022-03-15T17:34:18","guid":{"rendered":"https:\/\/www.thomas-buerk.at\/?page_id=900"},"modified":"2026-03-05T14:04:43","modified_gmt":"2026-03-05T14:04:43","slug":"leistungen-2","status":"publish","type":"page","link":"https:\/\/www.thomas-buerk.at\/en\/leistungen-2\/","title":{"rendered":"Services"},"content":{"rendered":"<div data-elementor-type=\"wp-page\" data-elementor-id=\"900\" class=\"elementor elementor-900\">\n\t\t\t\t\t\t\t\t\t<section class=\"elementor-section elementor-top-section elementor-element elementor-element-649bdce elementor-section-full_width elementor-section-stretched elementor-section-height-default elementor-section-height-default\" data-id=\"649bdce\" data-element_type=\"section\" data-settings=\"{&quot;stretch_section&quot;:&quot;section-stretched&quot;,&quot;background_background&quot;:&quot;gradient&quot;}\">\n\t\t\t\t\t\t<div class=\"elementor-container elementor-column-gap-default\">\n\t\t\t\t\t<div class=\"elementor-column elementor-col-33 elementor-top-column elementor-element elementor-element-c66f1c6\" data-id=\"c66f1c6\" data-element_type=\"column\">\n\t\t\t<div class=\"elementor-widget-wrap elementor-element-populated\">\n\t\t\t\t\t\t\t\t<div class=\"elementor-element elementor-element-94adfa1 elementor-hidden-tablet elementor-hidden-mobile elementor-widget elementor-widget-text-editor\" data-id=\"94adfa1\" data-element_type=\"widget\" data-widget_type=\"text-editor.default\">\n\t\t\t\t<div class=\"elementor-widget-container\">\n\t\t\t<style>\/*! elementor - v3.15.0 - 09-08-2023 *\/\n.elementor-widget-text-editor.elementor-drop-cap-view-stacked .elementor-drop-cap{background-color:#69727d;color:#fff}.elementor-widget-text-editor.elementor-drop-cap-view-framed .elementor-drop-cap{color:#69727d;border:3px solid;background-color:transparent}.elementor-widget-text-editor:not(.elementor-drop-cap-view-default) .elementor-drop-cap{margin-top:8px}.elementor-widget-text-editor:not(.elementor-drop-cap-view-default) .elementor-drop-cap-letter{width:1em;height:1em}.elementor-widget-text-editor .elementor-drop-cap{float:left;text-align:center;line-height:1;font-size:50px}.elementor-widget-text-editor .elementor-drop-cap-letter{display:inline-block}<\/style>\t\t\t\t<p><a href=\"https:\/\/www.thomas-buerk.at\/en\/\">Home<\/a><br \/><a href=\"https:\/\/www.thomas-buerk.at\/en\/ueber-mich\/\">About me<\/a><\/p><p><a href=\"https:\/\/www.thomas-buerk.at\/en\/leistungen-2\/\">Services<\/a><br \/><br \/><\/p>\t\t\t\t\t\t<\/div>\n\t\t\t\t<\/div>\n\t\t\t\t<div class=\"elementor-element elementor-element-b8467d1 elementor-hidden-desktop elementor-widget elementor-widget-text-editor\" data-id=\"b8467d1\" data-element_type=\"widget\" data-widget_type=\"text-editor.default\">\n\t\t\t\t<div class=\"elementor-widget-container\">\n\t\t\t\t\t\t\t<p><a href=\"https:\/\/www.thomas-buerk.at\/en\/\">Home\u00a0<\/a><br \/><a href=\"https:\/\/www.thomas-buerk.at\/en\/ueber-mich\/\">About me<\/a> | <a href=\"https:\/\/www.thomas-buerk.at\/en\/leistungen-2\/\">Services<\/a><br \/><a href=\"https:\/\/www.thomas-buerk.at\/en\/ordination\/\">Office <\/a>| <a href=\"https:\/\/www.thomas-buerk.at\/en\/__trashed-3\/\">Contact<\/a><\/p>\t\t\t\t\t\t<\/div>\n\t\t\t\t<\/div>\n\t\t\t\t\t<\/div>\n\t\t<\/div>\n\t\t\t\t<div class=\"elementor-column elementor-col-33 elementor-top-column elementor-element elementor-element-92d7a46\" data-id=\"92d7a46\" data-element_type=\"column\">\n\t\t\t<div class=\"elementor-widget-wrap elementor-element-populated\">\n\t\t\t\t\t\t\t\t<div class=\"elementor-element elementor-element-de0dd4c elementor-hidden-tablet elementor-hidden-mobile elementor-widget elementor-widget-text-editor\" data-id=\"de0dd4c\" data-element_type=\"widget\" data-widget_type=\"text-editor.default\">\n\t\t\t\t<div class=\"elementor-widget-container\">\n\t\t\t<style>.elementor-element-de0dd4c{display:none !important}<\/style>\t\t<\/div>\n\t\t\t\t<\/div>\n\t\t\t\t<div class=\"elementor-element elementor-element-a5ab8dd elementor-hidden-tablet elementor-hidden-mobile elementor-widget elementor-widget-text-editor\" data-id=\"a5ab8dd\" data-element_type=\"widget\" data-widget_type=\"text-editor.default\">\n\t\t\t\t<div class=\"elementor-widget-container\">\n\t\t\t<style>.elementor-element-a5ab8dd{display:none !important}<\/style>\t\t<\/div>\n\t\t\t\t<\/div>\n\t\t\t\t\t<\/div>\n\t\t<\/div>\n\t\t\t\t<div class=\"elementor-column elementor-col-33 elementor-top-column elementor-element elementor-element-72ccb44\" data-id=\"72ccb44\" data-element_type=\"column\">\n\t\t\t<div class=\"elementor-widget-wrap elementor-element-populated\">\n\t\t\t\t\t\t\t\t<div class=\"elementor-element elementor-element-26b1245 elementor-hidden-tablet elementor-hidden-mobile elementor-widget elementor-widget-heading\" data-id=\"26b1245\" data-element_type=\"widget\" data-widget_type=\"heading.default\">\n\t\t\t\t<div class=\"elementor-widget-container\">\n\t\t\t<style>\/*! elementor - v3.15.0 - 09-08-2023 *\/\n.elementor-heading-title{padding:0;margin:0;line-height:1}.elementor-widget-heading .elementor-heading-title[class*=elementor-size-]>a{color:inherit;font-size:inherit;line-height:inherit}.elementor-widget-heading .elementor-heading-title.elementor-size-small{font-size:15px}.elementor-widget-heading .elementor-heading-title.elementor-size-medium{font-size:19px}.elementor-widget-heading .elementor-heading-title.elementor-size-large{font-size:29px}.elementor-widget-heading .elementor-heading-title.elementor-size-xl{font-size:39px}.elementor-widget-heading .elementor-heading-title.elementor-size-xxl{font-size:59px}<\/style><h2 class=\"elementor-heading-title elementor-size-large\">Thomas B\u00fcrk<\/h2>\t\t<\/div>\n\t\t\t\t<\/div>\n\t\t\t\t<div class=\"elementor-element elementor-element-45268eb elementor-widget elementor-widget-text-editor\" data-id=\"45268eb\" data-element_type=\"widget\" data-widget_type=\"text-editor.default\">\n\t\t\t\t<div class=\"elementor-widget-container\">\n\t\t\t\t\t\t\t<p>Services<\/p>\t\t\t\t\t\t<\/div>\n\t\t\t\t<\/div>\n\t\t\t\t<div class=\"elementor-element elementor-element-a48b5d6 elementor-widget elementor-widget-text-editor\" data-id=\"a48b5d6\" data-element_type=\"widget\" data-widget_type=\"text-editor.default\">\n\t\t\t\t<div class=\"elementor-widget-container\">\n\t\t\t\t\t\t\t<ul><li>Medical examination<\/li><li>Diagnosis<\/li><li>Therapy plans<\/li><li>Consultation<\/li><li>Psychoeducation<\/li><li>Aufkl\u00e4rung \u00fcber Psychopharmaka und begleitende medikament\u00f6se Therapie\u00a0<\/li><li>Psychiatric assessment and reports<\/li><li>Phytotherapy<\/li><li>Guidance and advice during responsible self medication<\/li><li>Telemedicine<\/li><\/ul>\t\t\t\t\t\t<\/div>\n\t\t\t\t<\/div>\n\t\t\t\t<div class=\"elementor-element elementor-element-ce30dfc elementor-hidden-desktop elementor-widget elementor-widget-text-editor\" data-id=\"ce30dfc\" data-element_type=\"widget\" data-widget_type=\"text-editor.default\">\n\t\t\t\t<div class=\"elementor-widget-container\">\n\t\t\t\t\t\t\t<p>Honorar<\/p>\t\t\t\t\t\t<\/div>\n\t\t\t\t<\/div>\n\t\t\t\t<div class=\"elementor-element elementor-element-27cbf63 elementor-hidden-desktop elementor-widget elementor-widget-text-editor\" data-id=\"27cbf63\" data-element_type=\"widget\" data-widget_type=\"text-editor.default\">\n\t\t\t\t<div class=\"elementor-widget-container\">\n\t\t\t\t\t\t\tIch bin Wahlarzt und habe keinen Vertrag mit den Krankenkassen.\n\nSie haben jedoch immer die M\u00f6glichkeit bei Ihrer Krankenkasse meine Honorarnote einzureichen. Dann bekommen Sie einen Teil refundiert. Wie hoch dieser Teil ist, h\u00e4ngt sowohl von der jeweiligen Krankenkasse, als auch von meiner erbrachten Leistung ab.\n\nSie erhalten von der Krankenkasse ca. 80 % jenes Betrages zur\u00fcck, den ein Arzt mit Krankenkassenvertrag f\u00fcr die gleiche Leistung erhalten w\u00fcrde, abz\u00fcglich eines eventuellen Selbstbehaltes.\n\nBitte beachten Sie meine Absage-Regelung: Vereinbarte Termine m\u00fcssen bis sp\u00e4testens 48 Stunden im Vorhinein abgesagt werden, da ich sonst \u2013 falls ich den frei gewordenen Termin kurzfristig nicht mit einem anderen Patienten besetzen kann \u2013 eine Ausfallgeb\u00fchr verlangen muss.\t\t\t\t\t\t<\/div>\n\t\t\t\t<\/div>\n\t\t\t\t<div class=\"elementor-element elementor-element-a91fb72 elementor-widget elementor-widget-text-editor\" data-id=\"a91fb72\" data-element_type=\"widget\" data-widget_type=\"text-editor.default\">\n\t\t\t\t<div class=\"elementor-widget-container\">\n\t\t\t\t\t\t\t\t\t\t\t\t\t<\/div>\n\t\t\t\t<\/div>\n\t\t\t\t\t<\/div>\n\t\t<\/div>\n\t\t\t\t\t\t\t<\/div>\n\t\t<\/section>\n\t\t\t\t<section class=\"elementor-section elementor-top-section elementor-element elementor-element-d5ee424 elementor-section-boxed elementor-section-height-default elementor-section-height-default\" data-id=\"d5ee424\" data-element_type=\"section\" data-settings=\"{&quot;background_background&quot;:&quot;gradient&quot;}\">\n\t\t\t\t\t\t<div class=\"elementor-container elementor-column-gap-default\">\n\t\t\t\t\t<div class=\"elementor-column elementor-col-100 elementor-top-column elementor-element elementor-element-b6c95a9\" data-id=\"b6c95a9\" data-element_type=\"column\">\n\t\t\t<div class=\"elementor-widget-wrap elementor-element-populated\">\n\t\t\t\t\t\t\t\t<div class=\"elementor-element elementor-element-eefd4c6 elementor-widget elementor-widget-text-editor\" data-id=\"eefd4c6\" data-element_type=\"widget\" data-widget_type=\"text-editor.default\">\n\t\t\t\t<div class=\"elementor-widget-container\">\n\t\t\t\t\t\t\t\t\t\t\t\t\t<\/div>\n\t\t\t\t<\/div>\n\t\t\t\t<div class=\"elementor-element elementor-element-4908380 elementor-widget elementor-widget-text-editor\" data-id=\"4908380\" data-element_type=\"widget\" data-widget_type=\"text-editor.default\">\n\t\t\t\t<div class=\"elementor-widget-container\">\n\t\t\t\t\t\t\t\t\t\t\t\t\t<\/div>\n\t\t\t\t<\/div>\n\t\t\t\t\t<\/div>\n\t\t<\/div>\n\t\t\t\t\t\t\t<\/div>\n\t\t<\/section>\n\t\t\t\t\t\t\t<\/div>","protected":false},"excerpt":{"rendered":"<p>Home\u00dcber mich Leistungen Home\u00a0\u00dcber mich | LeistungenOrdination | Kontakt Thomas B\u00fcrk Leistungen Fach\u00e4rztliche Untersuchung Diagnosestellung Erstellung eines Therapieplans Beratung und Begleitung von Angeh\u00f6rigen Psychoedukation Aufkl\u00e4rung \u00fcber Psychopharmaka und begleitende medikament\u00f6se Therapie\u00a0 Psychiatrische Begutachtung und Befundberichte Phytotherapie Begleitung bei verantwortbarer Selbstmedikation (z.B. Psychedelika, Cannabinoide) Telemedizinische Behandlung Honorar Ich bin Wahlarzt und habe keinen Vertrag mit den&hellip; <a class=\"more-link\" href=\"https:\/\/www.thomas-buerk.at\/en\/leistungen-2\/\">Continue reading <span class=\"screen-reader-text\">Services<\/span><\/a><\/p>","protected":false},"author":1,"featured_media":0,"parent":0,"menu_order":0,"comment_status":"closed","ping_status":"closed","template":"elementor_canvas","meta":{"footnotes":""},"class_list":["post-900","page","type-page","status-publish","hentry","entry"],"_links":{"self":[{"href":"https:\/\/www.thomas-buerk.at\/en\/wp-json\/wp\/v2\/pages\/900","targetHints":{"allow":["GET"]}}],"collection":[{"href":"https:\/\/www.thomas-buerk.at\/en\/wp-json\/wp\/v2\/pages"}],"about":[{"href":"https:\/\/www.thomas-buerk.at\/en\/wp-json\/wp\/v2\/types\/page"}],"author":[{"embeddable":true,"href":"https:\/\/www.thomas-buerk.at\/en\/wp-json\/wp\/v2\/users\/1"}],"replies":[{"embeddable":true,"href":"https:\/\/www.thomas-buerk.at\/en\/wp-json\/wp\/v2\/comments?post=900"}],"version-history":[{"count":106,"href":"https:\/\/www.thomas-buerk.at\/en\/wp-json\/wp\/v2\/pages\/900\/revisions"}],"predecessor-version":[{"id":1497,"href":"https:\/\/www.thomas-buerk.at\/en\/wp-json\/wp\/v2\/pages\/900\/revisions\/1497"}],"wp:attachment":[{"href":"https:\/\/www.thomas-buerk.at\/en\/wp-json\/wp\/v2\/media?parent=900"}],"curies":[{"name":"wp","href":"https:\/\/api.w.org\/{rel}","templated":true}]}}